{"id":35,"date":"2024-12-03T09:08:29","date_gmt":"2024-12-03T09:08:29","guid":{"rendered":"https:\/\/wp.framerpeak.com\/alvido\/?page_id=35"},"modified":"2025-08-24T00:05:18","modified_gmt":"2025-08-23T22:05:18","slug":"a-propos","status":"publish","type":"page","link":"https:\/\/80framestudio.com\/index.php\/a-propos\/","title":{"rendered":"A propos de nous"},"content":{"rendered":"\t\t<div data-elementor-type=\"wp-page\" data-elementor-id=\"35\" class=\"elementor elementor-35\">\n\t\t\t\t<div class=\"elementor-element elementor-element-db938a3 e-flex e-con-boxed e-con e-parent\" data-id=\"db938a3\" data-element_type=\"container\" data-e-type=\"container\">\n\t\t\t\t\t<div class=\"e-con-inner\">\n\t\t<div class=\"elementor-element elementor-element-5ce0978 e-con-full e-flex e-con e-child\" data-id=\"5ce0978\" data-element_type=\"container\" data-e-type=\"container\">\n\t\t\t\t<div class=\"elementor-element elementor-element-cdcabfa elementor-widget-tablet__width-initial elementor-widget elementor-widget-alvido_circle_animation\" data-id=\"cdcabfa\" data-element_type=\"widget\" data-e-type=\"widget\" data-widget_type=\"alvido_circle_animation.default\">\n\t\t\t\t<div class=\"elementor-widget-container\">\n\t\t\t\t\t\t\t\t<div class=\"faq-thumb1-1\">\r\n    <div class=\"img1 overflow-hidden\">\r\n        <div class=\"thumb gsap-parallax\">\r\n            <img decoding=\"async\" src=\"https:\/\/80framestudio.com\/wp-content\/uploads\/2025\/04\/porte-nuages-large-1-scaled.png\" alt=\"img\">\r\n        <\/div>\r\n    <\/div>\r\n    <div class=\"about-tag mb-50 gspin\">\r\n        <div class=\"about-tag-icon layout-two\">\r\n            <img decoding=\"async\" src=\"https:\/\/80framestudio.com\/wp-content\/uploads\/2025\/04\/80framestudio_logo_white.png\" alt=\"img\">\r\n        <\/div>\r\n    <\/div>\r\n<\/div>                            \r\n                                        \r\n\t\t\t\t\t\t<\/div>\n\t\t\t\t<\/div>\n\t\t\t\t<\/div>\n\t\t<div class=\"elementor-element elementor-element-61c7a3e e-con-full e-flex e-con e-child\" data-id=\"61c7a3e\" data-element_type=\"container\" data-e-type=\"container\">\n\t\t\t\t<div class=\"elementor-element elementor-element-7f0c1ba elementor-widget-tablet__width-initial elementor-widget-mobile__width-inherit elementor-widget elementor-widget-alvido_section_title\" data-id=\"7f0c1ba\" data-element_type=\"widget\" data-e-type=\"widget\" data-widget_type=\"alvido_section_title.default\">\n\t\t\t\t<div class=\"elementor-widget-container\">\n\t\t\t\t\t\r\n            <!-- Subtitle style 01 -->\r\n                            <div class=\"section__title wow img-custom-anim-left\">\r\n                    <div class=\"sub-title\">\r\n                        depuis 2024                    <\/div>\r\n                    <h2 class=\"title\">\r\n                        Nous mettons en avant notre  <span style=\"color:#D47ADF\"> identit\u00e9 et nos valeurs<span>                    <\/h2>\r\n                <\/div>\r\n            \r\n            <!-- Subtitle style 02 -->\r\n            \r\n            <!-- Subtitle style 03 -->\r\n            \r\n            <!-- Subtitle style 04 -->\r\n            \r\n            \r\n        \t\t\t\t<\/div>\n\t\t\t\t<\/div>\n\t\t\t\t<div class=\"elementor-element elementor-element-cafae9a elementor-widget-tablet__width-initial elementor-widget-mobile__width-inherit elementor-widget elementor-widget-text-editor\" data-id=\"cafae9a\" data-element_type=\"widget\" data-e-type=\"widget\" data-widget_type=\"text-editor.default\">\n\t\t\t\t<div class=\"elementor-widget-container\">\n\t\t\t\t\t\t\t\t\t<p><strong data-start=\"355\" data-end=\"392\">100 % fran\u00e7ais, 100 % ind\u00e9pendant<\/strong> : 80FrameStudio, c\u2019est un studio ancr\u00e9 en Alsace, port\u00e9 par une \u00e9quipe locale qui valorise l\u2019artisanat num\u00e9rique.<\/p>\t\t\t\t\t\t\t\t<\/div>\n\t\t\t\t<\/div>\n\t\t<div class=\"elementor-element elementor-element-0a2f4b7 e-con-full e-flex e-con e-child\" data-id=\"0a2f4b7\" data-element_type=\"container\" data-e-type=\"container\">\n\t\t<div class=\"elementor-element elementor-element-4940f91 e-con-full e-flex e-con e-child\" data-id=\"4940f91\" data-element_type=\"container\" data-e-type=\"container\">\n\t\t\t\t<div class=\"elementor-element elementor-element-1c8426b elementor-widget elementor-widget-heading\" data-id=\"1c8426b\" data-element_type=\"widget\" data-e-type=\"widget\" data-widget_type=\"heading.default\">\n\t\t\t\t<div class=\"elementor-widget-container\">\n\t\t\t\t\t<h3 class=\"elementor-heading-title elementor-size-default\">Nos jeux ne racontent pas seulement des histoires, ils transmettent un h\u00e9ritage.<\/h3>\t\t\t\t<\/div>\n\t\t\t\t<\/div>\n\t\t\t\t<\/div>\n\t\t<div class=\"elementor-element elementor-element-c31fad2 e-con-full e-flex e-con e-child\" data-id=\"c31fad2\" data-element_type=\"container\" data-e-type=\"container\">\n\t\t\t\t<div class=\"elementor-element elementor-element-5909e70 elementor-widget elementor-widget-heading\" data-id=\"5909e70\" data-element_type=\"widget\" data-e-type=\"widget\" data-widget_type=\"heading.default\">\n\t\t\t\t<div class=\"elementor-widget-container\">\n\t\t\t\t\t<h3 class=\"elementor-heading-title elementor-size-default\">Des cr\u00e9ateurs accessibles, des choix assum\u00e9s, une relation directe avec notre communaut\u00e9.<\/h3>\t\t\t\t<\/div>\n\t\t\t\t<\/div>\n\t\t\t\t<\/div>\n\t\t\t\t<\/div>\n\t\t\t\t<div class=\"elementor-element elementor-element-4d77efa elementor-widget elementor-widget-alvido_button\" data-id=\"4d77efa\" data-element_type=\"widget\" data-e-type=\"widget\" data-widget_type=\"alvido_button.default\">\n\t\t\t\t<div class=\"elementor-widget-container\">\n\t\t\t\t\t                            <a href=\"https:\/\/80framestudio.com\/index.php\/services\/local-a-z\/\" class=\"btn\">\r\n                                                    En savoir plus                     <i class=\"fas fa-arrow-right\"><\/i>\r\n                    <span class=\"line1\"><\/span>\r\n                    <span class=\"line2\"><\/span>\r\n                <\/a>\r\n            \r\n            \r\n        \t\t\t\t<\/div>\n\t\t\t\t<\/div>\n\t\t\t\t<\/div>\n\t\t\t\t\t<\/div>\n\t\t\t\t<\/div>\n\t\t<div class=\"elementor-element elementor-element-ac06628 e-flex e-con-boxed e-con e-parent\" data-id=\"ac06628\" data-element_type=\"container\" data-e-type=\"container\" data-settings=\"{&quot;background_background&quot;:&quot;classic&quot;}\">\n\t\t\t\t\t<div class=\"e-con-inner\">\n\t\t<div class=\"elementor-element elementor-element-33d0847 e-con-full e-flex e-con e-child\" data-id=\"33d0847\" data-element_type=\"container\" data-e-type=\"container\">\n\t\t\t\t<div class=\"elementor-element elementor-element-bb52644 elementor-widget elementor-widget-alvido_section_title\" data-id=\"bb52644\" data-element_type=\"widget\" data-e-type=\"widget\" data-widget_type=\"alvido_section_title.default\">\n\t\t\t\t<div class=\"elementor-widget-container\">\n\t\t\t\t\t\r\n            <!-- Subtitle style 01 -->\r\n                            <div class=\"section__title wow img-custom-anim-left\">\r\n                    <div class=\"sub-title\">\r\n                        Histoire                    <\/div>\r\n                    <h2 class=\"title\">\r\n                        Comment cela a commenc\u00e9                    <\/h2>\r\n                <\/div>\r\n            \r\n            <!-- Subtitle style 02 -->\r\n            \r\n            <!-- Subtitle style 03 -->\r\n            \r\n            <!-- Subtitle style 04 -->\r\n            \r\n            \r\n        \t\t\t\t<\/div>\n\t\t\t\t<\/div>\n\t\t\t\t<\/div>\n\t\t<div class=\"elementor-element elementor-element-b3ed247 e-con-full e-flex e-con e-child\" data-id=\"b3ed247\" data-element_type=\"container\" data-e-type=\"container\">\n\t\t\t\t<div class=\"elementor-element elementor-element-40f43e9 elementor-widget elementor-widget-alvido_history\" data-id=\"40f43e9\" data-element_type=\"widget\" data-e-type=\"widget\" data-widget_type=\"alvido_history.default\">\n\t\t\t\t<div class=\"elementor-widget-container\">\n\t\t\t\t\t            <ul class=\"history-card-list\">\r\n                                    <li>\r\n                        <div class=\"history-card\">\r\n                            <div class=\"history-card-thumb\">\r\n                                <div class=\"thumb gsap-parallax overflow-hidden\">\r\n                                    <img decoding=\"async\" src=\"https:\/\/80framestudio.com\/wp-content\/uploads\/2025\/04\/80framestudio_logo_white.png\" alt=\"img\">\r\n                                <\/div>\r\n                            <\/div>\r\n                            <div class=\"history-card-details\">\r\n                                <div class=\"sub-title\">\r\n                                     D\u00e9but                                <\/div>\r\n                                <h3 class=\"title\">\r\n                                    Janvier 2024                                <\/h3>\r\n                                <p class=\"text\">\r\n                                    80framestudio est une micro-entreprise fond\u00e9e d\u00e9but 2024 et bas\u00e9e en Alsace (Colmar), dans la r\u00e9gion Grand Est. Sp\u00e9cialis\u00e9e dans le d\u00e9veloppement informatique, elle se concentre aujourd\u2019hui sur la cr\u00e9ation de jeux vid\u00e9o.                                <\/p>\r\n                            <\/div>\r\n                        <\/div>\r\n                    <\/li>\r\n                                    <li>\r\n                        <div class=\"history-card\">\r\n                            <div class=\"history-card-thumb\">\r\n                                <div class=\"thumb gsap-parallax overflow-hidden\">\r\n                                    <img decoding=\"async\" src=\"https:\/\/80framestudio.com\/wp-content\/uploads\/2025\/08\/logo_ironstar_new-e1755986613603.png\" alt=\"img\">\r\n                                <\/div>\r\n                            <\/div>\r\n                            <div class=\"history-card-details\">\r\n                                <div class=\"sub-title\">\r\n                                     Prototypage du projet Iron Star                                <\/div>\r\n                                <h3 class=\"title\">\r\n                                    Mars 2024                                <\/h3>\r\n                                <p class=\"text\">\r\n                                    Ce premier projet a pour ambition de proposer un jeu totalement original, un RPG en monde semi ouvert avec une forte dimension tactique (tour par tour). Pour vous donner une id\u00e9e nous sommes tr\u00e8s inspir\u00e9s par des jeux comme Hero&#039;s Adventure : A road to passion, Dungeon Drafters et bien s\u00fbr Final Fantasy Tactics...                                <\/p>\r\n                            <\/div>\r\n                        <\/div>\r\n                    <\/li>\r\n                                    <li>\r\n                        <div class=\"history-card\">\r\n                            <div class=\"history-card-thumb\">\r\n                                <div class=\"thumb gsap-parallax overflow-hidden\">\r\n                                    <img decoding=\"async\" src=\"https:\/\/80framestudio.com\/wp-content\/uploads\/2025\/04\/Capture-decran-2025-04-21-223236-e1745314561182.png\" alt=\"img\">\r\n                                <\/div>\r\n                            <\/div>\r\n                            <div class=\"history-card-details\">\r\n                                <div class=\"sub-title\">\r\n                                     Premi\u00e8re d\u00e9mo jouable - Early Access                                <\/div>\r\n                                <h3 class=\"title\">\r\n                                    Date \u00e0 venir                                <\/h3>\r\n                                <p class=\"text\">\r\n                                    Ce projet ambitionne de cr\u00e9er une exp\u00e9rience ludique in\u00e9dite en combinant une esth\u00e9tique soign\u00e9e et une histoire riche. L\u2019accent est mis sur l\u2019originalit\u00e9 artistique, la libert\u00e9 de mouvement et de choix ainsi que la qualit\u00e9 narrative.\nNous avons besoin de votre soutient, si le coeur vous en dit, faite un don \ud83d\ude42                                <\/p>\r\n                            <\/div>\r\n                        <\/div>\r\n                    <\/li>\r\n                            <\/ul>\r\n                    \r\n        \t\t\t\t<\/div>\n\t\t\t\t<\/div>\n\t\t\t\t<\/div>\n\t\t\t\t\t<\/div>\n\t\t\t\t<\/div>\n\t\t<div class=\"elementor-element elementor-element-03096b8 e-flex e-con-boxed e-con e-parent\" data-id=\"03096b8\" data-element_type=\"container\" data-e-type=\"container\">\n\t\t\t\t\t<div class=\"e-con-inner\">\n\t\t<div class=\"elementor-element elementor-element-3b93579 e-con-full e-flex e-con e-child\" data-id=\"3b93579\" data-element_type=\"container\" data-e-type=\"container\">\n\t\t\t\t<div class=\"elementor-element elementor-element-e2af82b elementor-widget elementor-widget-alvido_section_title\" data-id=\"e2af82b\" data-element_type=\"widget\" data-e-type=\"widget\" data-widget_type=\"alvido_section_title.default\">\n\t\t\t\t<div class=\"elementor-widget-container\">\n\t\t\t\t\t\r\n            <!-- Subtitle style 01 -->\r\n            \r\n            <!-- Subtitle style 02 -->\r\n                            <div class=\"section__title wow img-custom-anim-top\">\r\n                    <div class=\"sub-title\">\r\n                        Faq                    <\/div>\r\n                    <h2 class=\"title\">\r\n                        On r\u00e9ponds \u00e0 vos questions                    <\/h2>\r\n                <\/div>\r\n            \r\n            <!-- Subtitle style 03 -->\r\n            \r\n            <!-- Subtitle style 04 -->\r\n            \r\n            \r\n        \t\t\t\t<\/div>\n\t\t\t\t<\/div>\n\t\t\t\t<div class=\"elementor-element elementor-element-449e9d3 elementor-widget-tablet__width-initial elementor-widget-mobile__width-inherit elementor-widget elementor-widget-alvido_accordion\" data-id=\"449e9d3\" data-element_type=\"widget\" data-e-type=\"widget\" data-widget_type=\"alvido_accordion.default\">\n\t\t\t\t<div class=\"elementor-widget-container\">\n\t\t\t\t\t            <div class=\"accordion-area accordion wow img-custom-anim-left\" id=\"faqAccordion\">\r\n                                    <div class=\"accordion-card active\">\r\n                        <div class=\"accordion-header\" id=\"collapse-item-1\">\r\n                            <button class=\"accordion-button \" type=\"button\" data-bs-toggle=\"collapse\" data-bs-target=\"#collapse-1\" aria-expanded=\"true\" aria-controls=\"collapse-1\">\r\n                                Comment soutenir ce projet ?                            <\/button>\r\n                        <\/div>\r\n                        <div id=\"collapse-1\" class=\"accordion-collapse collapse show\" aria-labelledby=\"collapse-item-1\" data-bs-parent=\"#faqAccordion\">\r\n                            <div class=\"accordion-body\">\r\n                                <p class=\"faq-text\">\r\n                                    Pour soutenir ce projet nous acceptons uniquement des dons via Paypal afin de garantir un maximum de s\u00e9curit\u00e9. Vous trouverez le bouton de don \u00e0 la page d&#039;accueil. Encore merci !                                <\/p>\r\n                            <\/div>\r\n                        <\/div>\r\n                    <\/div>\r\n                                    <div class=\"accordion-card \">\r\n                        <div class=\"accordion-header\" id=\"collapse-item-2\">\r\n                            <button class=\"accordion-button collapsed\" type=\"button\" data-bs-toggle=\"collapse\" data-bs-target=\"#collapse-2\" aria-expanded=\"false\" aria-controls=\"collapse-2\">\r\n                                Iron Star Tactics sera-t-il en acc\u00e8s anticip\u00e9 ?                            <\/button>\r\n                        <\/div>\r\n                        <div id=\"collapse-2\" class=\"accordion-collapse collapse \" aria-labelledby=\"collapse-item-2\" data-bs-parent=\"#faqAccordion\">\r\n                            <div class=\"accordion-body\">\r\n                                <p class=\"faq-text\">\r\n                                    Oui nous pr\u00e9voyons un acc\u00e8s anticip\u00e9 lorsque le jeu attendra une version suffisamment qualitative (pr\u00e9vue pour 2027).                                <\/p>\r\n                            <\/div>\r\n                        <\/div>\r\n                    <\/div>\r\n                                    <div class=\"accordion-card \">\r\n                        <div class=\"accordion-header\" id=\"collapse-item-3\">\r\n                            <button class=\"accordion-button collapsed\" type=\"button\" data-bs-toggle=\"collapse\" data-bs-target=\"#collapse-3\" aria-expanded=\"false\" aria-controls=\"collapse-3\">\r\n                                Comment \u00eatre tenu inform\u00e9 de l&#039;avancement du projet ?                            <\/button>\r\n                        <\/div>\r\n                        <div id=\"collapse-3\" class=\"accordion-collapse collapse \" aria-labelledby=\"collapse-item-3\" data-bs-parent=\"#faqAccordion\">\r\n                            <div class=\"accordion-body\">\r\n                                <p class=\"faq-text\">\r\n                                    Nous tenons, sur ce site m\u00eame, un blog que vous pouvez retrouver dans le menu en haut de page. En compl\u00e9ment de nos r\u00e9seaux sociaux, ce blog sera un moyen de d\u00e9tailler l\u2019avancement du projet et de vous partager nos enjeux et succ\u00e8s en toute transparence.                                <\/p>\r\n                            <\/div>\r\n                        <\/div>\r\n                    <\/div>\r\n                                    <div class=\"accordion-card \">\r\n                        <div class=\"accordion-header\" id=\"collapse-item-4\">\r\n                            <button class=\"accordion-button collapsed\" type=\"button\" data-bs-toggle=\"collapse\" data-bs-target=\"#collapse-4\" aria-expanded=\"false\" aria-controls=\"collapse-4\">\r\n                                Sur quelle plateforme sortira le jeu ?                            <\/button>\r\n                        <\/div>\r\n                        <div id=\"collapse-4\" class=\"accordion-collapse collapse \" aria-labelledby=\"collapse-item-4\" data-bs-parent=\"#faqAccordion\">\r\n                            <div class=\"accordion-body\">\r\n                                <p class=\"faq-text\">\r\n                                    Sur PC en premier lieu puis sur Android et iOS dans la foul\u00e9e !                                <\/p>\r\n                            <\/div>\r\n                        <\/div>\r\n                    <\/div>\r\n                            <\/div>\r\n        \t\t\t\t<\/div>\n\t\t\t\t<\/div>\n\t\t\t\t<\/div>\n\t\t<div class=\"elementor-element elementor-element-5d7a5c0 e-con-full e-flex e-con e-child\" data-id=\"5d7a5c0\" data-element_type=\"container\" data-e-type=\"container\">\n\t\t\t\t<div class=\"elementor-element elementor-element-ae6f737 elementor-widget-tablet__width-initial elementor-widget elementor-widget-alvido_circle_animation\" data-id=\"ae6f737\" data-element_type=\"widget\" data-e-type=\"widget\" data-widget_type=\"alvido_circle_animation.default\">\n\t\t\t\t<div class=\"elementor-widget-container\">\n\t\t\t\t\t\t\t\t<div class=\"faq-thumb1-1\">\r\n    <div class=\"img1 overflow-hidden\">\r\n        <div class=\"thumb gsap-parallax\">\r\n            <img decoding=\"async\" src=\"https:\/\/80framestudio.com\/wp-content\/uploads\/2024\/12\/train-large-scaled.png\" alt=\"img\">\r\n        <\/div>\r\n    <\/div>\r\n    <div class=\"about-tag mb-50 gspin\">\r\n        <div class=\"about-tag-icon layout-two\">\r\n            <img decoding=\"async\" src=\"https:\/\/80framestudio.com\/wp-content\/uploads\/2025\/04\/80framestudio_logo_white.png\" alt=\"img\">\r\n        <\/div>\r\n    <\/div>\r\n<\/div>                            \r\n                                        \r\n\t\t\t\t\t\t<\/div>\n\t\t\t\t<\/div>\n\t\t\t\t<\/div>\n\t\t\t\t\t<\/div>\n\t\t\t\t<\/div>\n\t\t\t\t<\/div>\n\t\t","protected":false},"excerpt":{"rendered":"<p>depuis 2024 Nous mettons en avant notre identit\u00e9 et nos valeurs 100 % fran\u00e7ais, 100 % ind\u00e9pendant : 80FrameStudio, c\u2019est un studio ancr\u00e9 en Alsace, port\u00e9 par une \u00e9quipe locale qui valorise l\u2019artisanat num\u00e9rique. Nos jeux ne racontent pas seulement des histoires, ils transmettent un h\u00e9ritage. Des cr\u00e9ateurs accessibles, des choix assum\u00e9s, une relation directe&#8230;<\/p>\n","protected":false},"author":1,"featured_media":0,"parent":0,"menu_order":0,"comment_status":"closed","ping_status":"closed","template":"elementor_header_footer","meta":{"footnotes":""},"class_list":["post-35","page","type-page","status-publish","hentry"],"_links":{"self":[{"href":"https:\/\/80framestudio.com\/index.php\/wp-json\/wp\/v2\/pages\/35","targetHints":{"allow":["GET"]}}],"collection":[{"href":"https:\/\/80framestudio.com\/index.php\/wp-json\/wp\/v2\/pages"}],"about":[{"href":"https:\/\/80framestudio.com\/index.php\/wp-json\/wp\/v2\/types\/page"}],"author":[{"embeddable":true,"href":"https:\/\/80framestudio.com\/index.php\/wp-json\/wp\/v2\/users\/1"}],"replies":[{"embeddable":true,"href":"https:\/\/80framestudio.com\/index.php\/wp-json\/wp\/v2\/comments?post=35"}],"version-history":[{"count":24,"href":"https:\/\/80framestudio.com\/index.php\/wp-json\/wp\/v2\/pages\/35\/revisions"}],"predecessor-version":[{"id":5842,"href":"https:\/\/80framestudio.com\/index.php\/wp-json\/wp\/v2\/pages\/35\/revisions\/5842"}],"wp:attachment":[{"href":"https:\/\/80framestudio.com\/index.php\/wp-json\/wp\/v2\/media?parent=35"}],"curies":[{"name":"wp","href":"https:\/\/api.w.org\/{rel}","templated":true}]}}